{"id":150,"date":"2014-08-24T17:14:26","date_gmt":"2014-08-24T17:14:26","guid":{"rendered":"http:\/\/192.168.1.104\/enfold-blog\/?page_id=2"},"modified":"2025-02-25T13:39:25","modified_gmt":"2025-02-25T19:39:25","slug":"nosotros","status":"publish","type":"page","link":"https:\/\/distribuidorapvctoluca.com.mx\/2023\/nosotros\/","title":{"rendered":"Nosotros"},"content":{"rendered":"<div id='av_section_1'  class='avia-section main_color avia-section-large avia-no-border-styling  av-section-color-overlay-active avia-bg-style-parallax  avia-builder-el-0  el_before_av_section  avia-builder-el-first   container_wrap sidebar_right' style=' '  ><div class='av-section-color-overlay-wrap'><div class='av-section-color-overlay' style='opacity: 0.5; background-color: #000000; '><\/div><div class='container' ><main  role=\"main\" itemprop=\"mainContentOfPage\"  class='template-page content  av-content-small alpha units'><div class='post-entry post-entry-type-page post-entry-150'><div class='entry-content-wrapper clearfix'>\n<div  style='padding-bottom:10px; color:#ffffff;font-size:70px;' class='av-special-heading av-special-heading-h6 custom-color-heading blockquote modern-quote modern-centered  avia-builder-el-1  avia-builder-el-no-sibling  av-inherit-size '><h6 class='av-special-heading-tag '  itemprop=\"headline\"  >Distribuidora PVC de Toluca<\/h6><div class='special-heading-border'><div class='special-heading-inner-border' style='border-color:#ffffff'><\/div><\/div><\/div>\n\n<\/div><\/div><\/main><!-- close content main element --><\/div><\/div><\/div><div id='av_section_2'  class='avia-section main_color avia-section-default avia-no-shadow  avia-bg-style-scroll  avia-builder-el-2  el_after_av_section  el_before_av_section   container_wrap sidebar_right' style=' '  ><div class='container' ><div class='template-page content  av-content-small alpha units'><div class='post-entry post-entry-type-page post-entry-150'><div class='entry-content-wrapper clearfix'>\n<div class=\"flex_column av_one_half  av-animated-generic bottom-to-top  flex_column_div av-zero-column-padding first  avia-builder-el-3  el_before_av_one_half  avia-builder-el-first  \" style='border-radius:0px; '><p><div  style='padding-bottom:20px; color:#000000;font-size:35px;' class='av-special-heading av-special-heading-h4 custom-color-heading blockquote modern-quote  avia-builder-el-4  el_before_av_textblock  avia-builder-el-first  av-inherit-size '><h4 class='av-special-heading-tag '  itemprop=\"headline\"  >Acerca de nosotros<\/h4><div class='special-heading-border'><div class='special-heading-inner-border' style='border-color:#000000'><\/div><\/div><\/div><br \/>\n<section class=\"av_textblock_section \"  itemscope=\"itemscope\" itemtype=\"https:\/\/schema.org\/CreativeWork\" ><div class='avia_textblock  '   itemprop=\"text\" ><p style=\"text-align: left;\"><span style=\"color: #000000;\">Somos una empresa 100% mexicana dedicada a la comercializaci\u00f3n y distribuci\u00f3n de productos relacionados con el sector de la construcci\u00f3n, espec\u00edficamente aquellos utilizados para las obras hidr\u00e1ulicas, sanitarias y de gas.<\/span><\/p>\n<p style=\"text-align: left;\"><span style=\"color: #000000;\">Nuestro equipo est\u00e1 formado por un grupo de profesionales, con conocimientos en los diferentes productos y materiales, todos altamente capacitados para asesorar, atender y dar respuesta a los requerimientos de productos y materiales para los proyectos de obra hidr\u00e1ulica y sanitaria en: Infraestructura, Urbanizaci\u00f3n y Edificaci\u00f3n.<\/span><\/p>\n<p style=\"text-align: left;\"><span style=\"color: #000000;\">Comercializamos y distribuimos l\u00edneas de productos en marcas de prestigio y l\u00edderes en el mercado.<\/span><\/p>\n<\/div><\/section><\/p><\/div><div class=\"flex_column av_one_half  av-animated-generic bottom-to-top  flex_column_div av-zero-column-padding   avia-builder-el-6  el_after_av_one_half  avia-builder-el-last  \" style='border-radius:0px; '><p><div  style='padding-bottom:20px; color:#000000;font-size:35px;' class='av-special-heading av-special-heading-h4 custom-color-heading blockquote modern-quote  avia-builder-el-7  el_before_av_textblock  avia-builder-el-first  av-inherit-size '><h4 class='av-special-heading-tag '  itemprop=\"headline\"  >Nuestra historia<\/h4><div class='special-heading-border'><div class='special-heading-inner-border' style='border-color:#000000'><\/div><\/div><\/div><br \/>\n<section class=\"av_textblock_section \"  itemscope=\"itemscope\" itemtype=\"https:\/\/schema.org\/CreativeWork\" ><div class='avia_textblock  '   itemprop=\"text\" ><p style=\"text-align: left;\"><span style=\"color: #000000;\">Con m\u00e1s de 30 a\u00f1os de experiencia en el mercado. Combinamos nuestro amplio conocimiento en este segmento de la construcci\u00f3n, con una completa gama de productos; especializ\u00e1ndonos, as\u00ed en brindarles siempre a nuestros clientes las mejores opciones y respuestas en las: Soluciones integrales para la conducci\u00f3n, manejo y tratamiento del \u201cagua\u201d y gas.<\/span><\/p>\n<p style=\"text-align: left;\"><span style=\"color: #000000;\">Como parte de sus proyectos de crecimiento y expansi\u00f3n Distribuidora de PVC de Toluca.\u00a0 Apertura una sucursal (Santa Ana) ubicada en la parte oriente de la ciudad de Toluca, M\u00e9xico.<\/span><\/p>\n<p style=\"text-align: left;\"><span style=\"color: #000000;\">Actualmente mantenemos importante presencia y cobertura en el mercado local y regional.<\/span><\/p>\n<\/div><\/section><\/p><\/div><\/div><\/div><\/div><!-- close content main div --><\/div><\/div><div id='av_section_3'  class='avia-section main_color avia-section-large avia-no-border-styling  av-section-color-overlay-active avia-bg-style-parallax  avia-builder-el-9  el_after_av_section  avia-builder-el-last   container_wrap sidebar_right' style='background-color: #4c4c4c;  '  ><div class='av-section-color-overlay-wrap'><div class='av-section-color-overlay' style='opacity: 0.3; background-color: #000000; '><\/div><div class='container' ><div class='template-page content  av-content-small alpha units'><div class='post-entry post-entry-type-page post-entry-150'><div class='entry-content-wrapper clearfix'>\n<div class=\"flex_column av_one_fifth  flex_column_div first  avia-builder-el-10  el_before_av_one_fifth  avia-builder-el-first  \" ><div  class=\"avia-animated-number av-force-default-color  avia-color-font-light  avia-builder-el-11  avia-builder-el-no-sibling  avia_animate_when_visible\"  data-timer=\"3000\"><strong class=\"heading avia-animated-number-title\" ><span class=\"avia-single-number __av-single-number\" data-number_format=\"\" data-number=\"30\" data-start_from=\"0\">30<\/span><\/strong><div class='avia-animated-number-content' ><p>A\u00f1os de experiencia<\/p>\n<\/div><\/div><\/div><div class=\"flex_column av_one_fifth  flex_column_div av-zero-column-padding   avia-builder-el-12  el_after_av_one_fifth  el_before_av_one_fifth  \" style='border-radius:0px; '><div  class=\"avia-animated-number av-force-default-color  avia-color-font-light  avia-builder-el-13  avia-builder-el-no-sibling  avia_animate_when_visible\"  data-timer=\"3000\"><strong class=\"heading avia-animated-number-title\" ><span class=\"avia-single-number __av-single-number\" data-number_format=\"\" data-number=\"25504\" data-start_from=\"0\">25504<\/span><\/strong><div class='avia-animated-number-content' ><p>Clientes<\/p>\n<\/div><\/div><\/div><div class=\"flex_column av_one_fifth  flex_column_div av-zero-column-padding   avia-builder-el-14  el_after_av_one_fifth  el_before_av_one_fifth  \" style='border-radius:0px; '><div  class=\"avia-animated-number av-force-default-color  avia-color-font-light  avia-builder-el-15  avia-builder-el-no-sibling  avia_animate_when_visible\"  data-timer=\"3000\"><strong class=\"heading avia-animated-number-title\" ><span class=\"avia-single-number __av-single-number\" data-number_format=\"\" data-number=\"5432\" data-start_from=\"0\">5432<\/span><\/strong><div class='avia-animated-number-content' ><p>Art\u00edculos<\/p>\n<\/div><\/div><\/div><div class=\"flex_column av_one_fifth  flex_column_div av-zero-column-padding   avia-builder-el-16  el_after_av_one_fifth  el_before_av_one_fifth  \" style='border-radius:0px; '><div  class=\"avia-animated-number av-force-default-color  avia-color-font-light  avia-builder-el-17  avia-builder-el-no-sibling  avia_animate_when_visible\"  data-timer=\"3000\"><strong class=\"heading avia-animated-number-title\" ><span class=\"avia-single-number __av-single-number\" data-number_format=\"\" data-number=\"2\" data-start_from=\"0\">2<\/span><\/strong><div class='avia-animated-number-content' ><p>Sucursales<\/p>\n<\/div><\/div><\/div><div class=\"flex_column av_one_fifth  flex_column_div av-zero-column-padding   avia-builder-el-18  el_after_av_one_fifth  avia-builder-el-last  \" style='border-radius:0px; '><div  class=\"avia-animated-number av-force-default-color  avia-color-font-light  avia-builder-el-19  avia-builder-el-no-sibling  avia_animate_when_visible\"  data-timer=\"3000\"><strong class=\"heading avia-animated-number-title\" ><span class=\"avia-single-number __av-single-number\" data-number_format=\"\" data-number=\"40\" data-start_from=\"0\">40<\/span><\/strong><div class='avia-animated-number-content' ><p>Proveedores<\/p>\n<\/div><\/div><\/div><\/div><\/div><\/div><!-- close content main div --><\/div><\/div><\/div><div id='after_section_3'  class='main_color av_default_container_wrap container_wrap sidebar_right' style=' '  ><div class='container' ><div class='template-page content  av-content-small alpha units'><div class='post-entry post-entry-type-page post-entry-150'><div class='entry-content-wrapper clearfix'><\/p>\n","protected":false},"excerpt":{"rendered":"","protected":false},"author":1,"featured_media":0,"parent":0,"menu_order":0,"comment_status":"open","ping_status":"open","template":"","meta":{"footnotes":""},"class_list":["post-150","page","type-page","status-publish","hentry"],"_links":{"self":[{"href":"https:\/\/distribuidorapvctoluca.com.mx\/2023\/wp-json\/wp\/v2\/pages\/150","targetHints":{"allow":["GET"]}}],"collection":[{"href":"https:\/\/distribuidorapvctoluca.com.mx\/2023\/wp-json\/wp\/v2\/pages"}],"about":[{"href":"https:\/\/distribuidorapvctoluca.com.mx\/2023\/wp-json\/wp\/v2\/types\/page"}],"author":[{"embeddable":true,"href":"https:\/\/distribuidorapvctoluca.com.mx\/2023\/wp-json\/wp\/v2\/users\/1"}],"replies":[{"embeddable":true,"href":"https:\/\/distribuidorapvctoluca.com.mx\/2023\/wp-json\/wp\/v2\/comments?post=150"}],"version-history":[{"count":34,"href":"https:\/\/distribuidorapvctoluca.com.mx\/2023\/wp-json\/wp\/v2\/pages\/150\/revisions"}],"predecessor-version":[{"id":77561,"href":"https:\/\/distribuidorapvctoluca.com.mx\/2023\/wp-json\/wp\/v2\/pages\/150\/revisions\/77561"}],"wp:attachment":[{"href":"https:\/\/distribuidorapvctoluca.com.mx\/2023\/wp-json\/wp\/v2\/media?parent=150"}],"curies":[{"name":"wp","href":"https:\/\/api.w.org\/{rel}","templated":true}]}}